{"id":7995,"date":"2025-07-22T00:11:42","date_gmt":"2025-07-22T05:11:42","guid":{"rendered":"https:\/\/www.icqtech.com\/?page_id=7995"},"modified":"2025-07-22T00:34:53","modified_gmt":"2025-07-22T05:34:53","slug":"primcco-uav-drones","status":"publish","type":"page","link":"https:\/\/www.icqtech.com\/?page_id=7995","title":{"rendered":"PRIMCCO UAV &#8211; Drones"},"content":{"rendered":"\t\t<div data-elementor-type=\"wp-page\" data-elementor-id=\"7995\" class=\"elementor elementor-7995\">\n\t\t\t\t<div class=\"elementor-element elementor-element-5c44163 e-grid e-con-boxed e-con e-parent\" data-id=\"5c44163\" data-element_type=\"container\">\n\t\t\t\t\t<div class=\"e-con-inner\">\n\t\t\t\t<div class=\"elementor-element elementor-element-ee498e3 elementor-widget elementor-widget-image\" data-id=\"ee498e3\" data-element_type=\"widget\" data-widget_type=\"image.default\">\n\t\t\t\t<div class=\"elementor-widget-container\">\n\t\t\t\t\t\t\t\t\t\t\t\t\t\t\t<img fetchpriority=\"high\" decoding=\"async\" width=\"606\" height=\"134\" src=\"https:\/\/www.icqtech.com\/wp-content\/uploads\/2025\/07\/primcco-uav-logo.png\" class=\"attachment-medium_large size-medium_large wp-image-7997\" alt=\"\" srcset=\"https:\/\/www.icqtech.com\/wp-content\/uploads\/2025\/07\/primcco-uav-logo.png 606w, https:\/\/www.icqtech.com\/wp-content\/uploads\/2025\/07\/primcco-uav-logo-300x66.png 300w, https:\/\/www.icqtech.com\/wp-content\/uploads\/2025\/07\/primcco-uav-logo-601x134.png 601w\" sizes=\"(max-width: 606px) 100vw, 606px\" \/>\t\t\t\t\t\t\t\t\t\t\t\t\t\t\t<\/div>\n\t\t\t\t<\/div>\n\t\t\t\t<div class=\"elementor-element elementor-element-f507a99 elementor-widget elementor-widget-text-editor\" data-id=\"f507a99\" data-element_type=\"widget\" data-widget_type=\"text-editor.default\">\n\t\t\t\t<div class=\"elementor-widget-container\">\n\t\t\t\t\t\t\t\t\t<h1 style=\"text-align: center;\">Drones de Largo Alcance <\/h1>\t\t\t\t\t\t\t\t<\/div>\n\t\t\t\t<\/div>\n\t\t\t\t<div class=\"elementor-element elementor-element-fd00974 elementor-widget elementor-widget-image\" data-id=\"fd00974\" data-element_type=\"widget\" data-widget_type=\"image.default\">\n\t\t\t\t<div class=\"elementor-widget-container\">\n\t\t\t\t\t\t\t\t\t\t\t\t\t\t\t<img decoding=\"async\" width=\"1024\" height=\"378\" src=\"https:\/\/www.icqtech.com\/wp-content\/uploads\/2025\/07\/primcco-drones-top-image-1024x378.png\" class=\"attachment-large size-large wp-image-8001\" alt=\"\" srcset=\"https:\/\/www.icqtech.com\/wp-content\/uploads\/2025\/07\/primcco-drones-top-image-1024x378.png 1024w, https:\/\/www.icqtech.com\/wp-content\/uploads\/2025\/07\/primcco-drones-top-image-300x111.png 300w, https:\/\/www.icqtech.com\/wp-content\/uploads\/2025\/07\/primcco-drones-top-image-768x284.png 768w, https:\/\/www.icqtech.com\/wp-content\/uploads\/2025\/07\/primcco-drones-top-image-720x266.png 720w, https:\/\/www.icqtech.com\/wp-content\/uploads\/2025\/07\/primcco-drones-top-image.png 1387w\" sizes=\"(max-width: 1024px) 100vw, 1024px\" \/>\t\t\t\t\t\t\t\t\t\t\t\t\t\t\t<\/div>\n\t\t\t\t<\/div>\n\t\t\t\t<div class=\"elementor-element elementor-element-8b8c47a elementor-widget elementor-widget-text-editor\" data-id=\"8b8c47a\" data-element_type=\"widget\" data-widget_type=\"text-editor.default\">\n\t\t\t\t<div class=\"elementor-widget-container\">\n\t\t\t\t\t\t\t\t\t<h2 style=\"text-align: center;\">PRIMCCO UAV \u2013 Drones de Largo Alcance<\/h2>\t\t\t\t\t\t\t\t<\/div>\n\t\t\t\t<\/div>\n\t\t\t\t\t<\/div>\n\t\t\t\t<\/div>\n\t\t\t\t<section class=\"elementor-section elementor-top-section elementor-element elementor-element-4439093 elementor-section-content-middle ot-traditional elementor-section-boxed elementor-section-height-default elementor-section-height-default\" data-id=\"4439093\" data-element_type=\"section\" data-settings=\"{&quot;background_background&quot;:&quot;classic&quot;}\">\n\t\t\t\t\t\t<div class=\"elementor-container elementor-column-gap-extended\">\n\t\t\t\t\t<div class=\"elementor-column elementor-col-50 elementor-top-column elementor-element elementor-element-a3f9f76 ot-column-items-top ot-flex-column-vertical\" data-id=\"a3f9f76\" data-element_type=\"column\">\n\t\t\t<div class=\"elementor-widget-wrap elementor-element-populated\">\n\t\t\t\t\t\t<div class=\"elementor-element elementor-element-13a7845 elementor-widget elementor-widget-text-editor\" data-id=\"13a7845\" data-element_type=\"widget\" data-widget_type=\"text-editor.default\">\n\t\t\t\t<div class=\"elementor-widget-container\">\n\t\t\t\t\t\t\t\t\t<p><span style=\"color: #000000;\">El UAV PRIMCCO est\u00e1 construido para ser confiable. Puede despegar y aterrizar a la luz del d\u00eda, de noche y con malas condiciones meteorol\u00f3gicas. Y hazlo de nuevo, al d\u00eda siguiente y al mes siguiente. Con una duraci\u00f3n m\u00e1xima de 15 horas y una distancia de vuelo de hasta 2000 km en una misi\u00f3n, el UAV Primoco es una plataforma confiable para brindar captura de informaci\u00f3n y video en tiempo real. El UAV puede ser operado por control remoto durante cada fase del vuelo, pero adem\u00e1s, el sistema integrado de piloto autom\u00e1tico significa que es capaz de despegar y aterrizar de forma totalmente autom\u00e1tica y ejecutar un plan de vuelo completamente aut\u00f3nomo. Su corta longitud de pista de 300 metros brinda a los clientes la capacidad de ejecutar misiones a\u00e9reas desde ubicaciones remotas e instalaciones aeroportuarias limitadas. El UAV de PRIMCCO es la \u00fanica opci\u00f3n donde la confiabilidad importa.<\/span> <\/p>\t\t\t\t\t\t\t\t<\/div>\n\t\t\t\t<\/div>\n\t\t\t\t\t<\/div>\n\t\t<\/div>\n\t\t\t\t<div class=\"elementor-column elementor-col-50 elementor-top-column elementor-element elementor-element-a678af7 ot-column-items-top ot-flex-column-vertical\" data-id=\"a678af7\" data-element_type=\"column\">\n\t\t\t<div class=\"elementor-widget-wrap elementor-element-populated\">\n\t\t\t\t\t\t<div class=\"elementor-element elementor-element-8f99e46 elementor-widget elementor-widget-image\" data-id=\"8f99e46\" data-element_type=\"widget\" data-widget_type=\"image.default\">\n\t\t\t\t<div class=\"elementor-widget-container\">\n\t\t\t\t\t\t\t\t\t\t\t\t\t\t\t<img decoding=\"async\" width=\"650\" height=\"250\" src=\"https:\/\/www.icqtech.com\/wp-content\/uploads\/2025\/07\/primcco-dron-02.png\" class=\"attachment-large size-large wp-image-8006\" alt=\"\" srcset=\"https:\/\/www.icqtech.com\/wp-content\/uploads\/2025\/07\/primcco-dron-02.png 650w, https:\/\/www.icqtech.com\/wp-content\/uploads\/2025\/07\/primcco-dron-02-300x115.png 300w\" sizes=\"(max-width: 650px) 100vw, 650px\" \/>\t\t\t\t\t\t\t\t\t\t\t\t\t\t\t<\/div>\n\t\t\t\t<\/div>\n\t\t\t\t<div class=\"elementor-element elementor-element-7843a8d elementor-widget elementor-widget-image\" data-id=\"7843a8d\" data-element_type=\"widget\" data-widget_type=\"image.default\">\n\t\t\t\t<div class=\"elementor-widget-container\">\n\t\t\t\t\t\t\t\t\t\t\t\t\t\t\t<img loading=\"lazy\" decoding=\"async\" width=\"459\" height=\"329\" src=\"https:\/\/www.icqtech.com\/wp-content\/uploads\/2025\/07\/primcco-dron-01.png\" class=\"attachment-large size-large wp-image-8007\" alt=\"\" srcset=\"https:\/\/www.icqtech.com\/wp-content\/uploads\/2025\/07\/primcco-dron-01.png 459w, https:\/\/www.icqtech.com\/wp-content\/uploads\/2025\/07\/primcco-dron-01-300x215.png 300w\" sizes=\"(max-width: 459px) 100vw, 459px\" \/>\t\t\t\t\t\t\t\t\t\t\t\t\t\t\t<\/div>\n\t\t\t\t<\/div>\n\t\t\t\t\t<\/div>\n\t\t<\/div>\n\t\t\t\t\t<\/div>\n\t\t<\/section>\n\t\t\t\t<\/div>\n\t\t","protected":false},"excerpt":{"rendered":"<p>Drones de Largo Alcance PRIMCCO UAV \u2013 Drones de Largo Alcance El UAV PRIMCCO est\u00e1 construido para ser confiable. Puede despegar y aterrizar a la luz del d\u00eda, de noche y con malas condiciones meteorol\u00f3gicas. Y hazlo de nuevo, al d\u00eda siguiente y al mes siguiente. Con una duraci\u00f3n m\u00e1xima de 15 horas y una [&hellip;]<\/p>\n","protected":false},"author":7,"featured_media":0,"parent":6882,"menu_order":0,"comment_status":"closed","ping_status":"closed","template":"","meta":{"om_disable_all_campaigns":false,"_joinchat":[],"footnotes":""},"class_list":["post-7995","page","type-page","status-publish","hentry"],"yoast_head":"<!-- This site is optimized with the Yoast SEO plugin v25.5 - https:\/\/yoast.com\/wordpress\/plugins\/seo\/ -->\n<title>Empresa de Tecnolog\u00eda de Informaci\u00f3n y Telecomunicaci\u00f3n (TIC),<\/title>\n<meta name=\"description\" content=\"Experiencia nacional e internacional, en integraci\u00f3n tecnol\u00f3gica (comunicaciones, infraestructura, software, seguridad y respaldo) para soluciones empresariales de la regi\u00f3n.\" \/>\n<meta name=\"robots\" content=\"index, follow, max-snippet:-1, max-image-preview:large, max-video-preview:-1\" \/>\n<link rel=\"canonical\" href=\"https:\/\/www.icqtech.com\/?page_id=7995\" \/>\n<meta property=\"og:locale\" content=\"es_ES\" \/>\n<meta property=\"og:type\" content=\"article\" \/>\n<meta property=\"og:title\" content=\"Empresa de Tecnolog\u00eda de Informaci\u00f3n y Telecomunicaci\u00f3n (TIC),\" \/>\n<meta property=\"og:description\" content=\"Experiencia nacional e internacional, en integraci\u00f3n tecnol\u00f3gica (comunicaciones, infraestructura, software, seguridad y respaldo) para soluciones empresariales de la regi\u00f3n.\" \/>\n<meta property=\"og:url\" content=\"https:\/\/www.icqtech.com\/?page_id=7995\" \/>\n<meta property=\"og:site_name\" content=\"ICQTECH Trading Corp.\" \/>\n<meta property=\"article:modified_time\" content=\"2025-07-22T05:34:53+00:00\" \/>\n<meta property=\"og:image\" content=\"https:\/\/www.icqtech.com\/wp-content\/uploads\/2025\/07\/primcco-uav-logo.png\" \/>\n\t<meta property=\"og:image:width\" content=\"606\" \/>\n\t<meta property=\"og:image:height\" content=\"134\" \/>\n\t<meta property=\"og:image:type\" content=\"image\/png\" \/>\n<meta name=\"twitter:card\" content=\"summary_large_image\" \/>\n<meta name=\"twitter:label1\" content=\"Tiempo de lectura\" \/>\n\t<meta name=\"twitter:data1\" content=\"2 minutos\" \/>\n<script type=\"application\/ld+json\" class=\"yoast-schema-graph\">{\"@context\":\"https:\/\/schema.org\",\"@graph\":[{\"@type\":[\"WebPage\",\"AboutPage\"],\"@id\":\"https:\/\/www.icqtech.com\/?page_id=7995\",\"url\":\"https:\/\/www.icqtech.com\/?page_id=7995\",\"name\":\"Empresa de Tecnolog\u00eda de Informaci\u00f3n y Telecomunicaci\u00f3n (TIC),\",\"isPartOf\":{\"@id\":\"https:\/\/www.icqtech.com\/#website\"},\"primaryImageOfPage\":{\"@id\":\"https:\/\/www.icqtech.com\/?page_id=7995#primaryimage\"},\"image\":{\"@id\":\"https:\/\/www.icqtech.com\/?page_id=7995#primaryimage\"},\"thumbnailUrl\":\"https:\/\/www.icqtech.com\/wp-content\/uploads\/2025\/07\/primcco-uav-logo.png\",\"datePublished\":\"2025-07-22T05:11:42+00:00\",\"dateModified\":\"2025-07-22T05:34:53+00:00\",\"description\":\"Experiencia nacional e internacional, en integraci\u00f3n tecnol\u00f3gica (comunicaciones, infraestructura, software, seguridad y respaldo) para soluciones empresariales de la regi\u00f3n.\",\"breadcrumb\":{\"@id\":\"https:\/\/www.icqtech.com\/?page_id=7995#breadcrumb\"},\"inLanguage\":\"es\",\"potentialAction\":[{\"@type\":\"ReadAction\",\"target\":[\"https:\/\/www.icqtech.com\/?page_id=7995\"]}]},{\"@type\":\"ImageObject\",\"inLanguage\":\"es\",\"@id\":\"https:\/\/www.icqtech.com\/?page_id=7995#primaryimage\",\"url\":\"https:\/\/www.icqtech.com\/wp-content\/uploads\/2025\/07\/primcco-uav-logo.png\",\"contentUrl\":\"https:\/\/www.icqtech.com\/wp-content\/uploads\/2025\/07\/primcco-uav-logo.png\",\"width\":606,\"height\":134},{\"@type\":\"BreadcrumbList\",\"@id\":\"https:\/\/www.icqtech.com\/?page_id=7995#breadcrumb\",\"itemListElement\":[{\"@type\":\"ListItem\",\"position\":1,\"name\":\"Home\",\"item\":\"https:\/\/www.icqtech.com\/\"},{\"@type\":\"ListItem\",\"position\":2,\"name\":\"Valores Tecnol\u00f3gicos\",\"item\":\"https:\/\/www.icqtech.com\/?page_id=6882\"},{\"@type\":\"ListItem\",\"position\":3,\"name\":\"PRIMCCO UAV &#8211; Drones\"}]},{\"@type\":\"WebSite\",\"@id\":\"https:\/\/www.icqtech.com\/#website\",\"url\":\"https:\/\/www.icqtech.com\/\",\"name\":\"CQTECH Trading Corp.\",\"description\":\"Infraestructura Tecnol\u00f3gica Especializada\",\"publisher\":{\"@id\":\"https:\/\/www.icqtech.com\/#organization\"},\"alternateName\":\"Tecnolog\u00eda de Informaci\u00f3n y Telecomunicaci\u00f3n (TIC),\",\"potentialAction\":[{\"@type\":\"SearchAction\",\"target\":{\"@type\":\"EntryPoint\",\"urlTemplate\":\"https:\/\/www.icqtech.com\/?s={search_term_string}\"},\"query-input\":{\"@type\":\"PropertyValueSpecification\",\"valueRequired\":true,\"valueName\":\"search_term_string\"}}],\"inLanguage\":\"es\"},{\"@type\":\"Organization\",\"@id\":\"https:\/\/www.icqtech.com\/#organization\",\"name\":\"CQTECH Trading Corp.\",\"url\":\"https:\/\/www.icqtech.com\/\",\"logo\":{\"@type\":\"ImageObject\",\"inLanguage\":\"es\",\"@id\":\"https:\/\/www.icqtech.com\/#\/schema\/logo\/image\/\",\"url\":\"https:\/\/www.icqtech.com\/wp-content\/uploads\/2021\/04\/cqtech-logo-bolsillo-vectorizado2018.png\",\"contentUrl\":\"https:\/\/www.icqtech.com\/wp-content\/uploads\/2021\/04\/cqtech-logo-bolsillo-vectorizado2018.png\",\"width\":492,\"height\":280,\"caption\":\"CQTECH Trading Corp.\"},\"image\":{\"@id\":\"https:\/\/www.icqtech.com\/#\/schema\/logo\/image\/\"},\"sameAs\":[\"https:\/\/pa.linkedin.com\/company\/cqtech-trading-corp.\"]}]}<\/script>\n<!-- \/ Yoast SEO plugin. -->","yoast_head_json":{"title":"Empresa de Tecnolog\u00eda de Informaci\u00f3n y Telecomunicaci\u00f3n (TIC),","description":"Experiencia nacional e internacional, en integraci\u00f3n tecnol\u00f3gica (comunicaciones, infraestructura, software, seguridad y respaldo) para soluciones empresariales de la regi\u00f3n.","robots":{"index":"index","follow":"follow","max-snippet":"max-snippet:-1","max-image-preview":"max-image-preview:large","max-video-preview":"max-video-preview:-1"},"canonical":"https:\/\/www.icqtech.com\/?page_id=7995","og_locale":"es_ES","og_type":"article","og_title":"Empresa de Tecnolog\u00eda de Informaci\u00f3n y Telecomunicaci\u00f3n (TIC),","og_description":"Experiencia nacional e internacional, en integraci\u00f3n tecnol\u00f3gica (comunicaciones, infraestructura, software, seguridad y respaldo) para soluciones empresariales de la regi\u00f3n.","og_url":"https:\/\/www.icqtech.com\/?page_id=7995","og_site_name":"ICQTECH Trading Corp.","article_modified_time":"2025-07-22T05:34:53+00:00","og_image":[{"width":606,"height":134,"url":"https:\/\/www.icqtech.com\/wp-content\/uploads\/2025\/07\/primcco-uav-logo.png","type":"image\/png"}],"twitter_card":"summary_large_image","twitter_misc":{"Tiempo de lectura":"2 minutos"},"schema":{"@context":"https:\/\/schema.org","@graph":[{"@type":["WebPage","AboutPage"],"@id":"https:\/\/www.icqtech.com\/?page_id=7995","url":"https:\/\/www.icqtech.com\/?page_id=7995","name":"Empresa de Tecnolog\u00eda de Informaci\u00f3n y Telecomunicaci\u00f3n (TIC),","isPartOf":{"@id":"https:\/\/www.icqtech.com\/#website"},"primaryImageOfPage":{"@id":"https:\/\/www.icqtech.com\/?page_id=7995#primaryimage"},"image":{"@id":"https:\/\/www.icqtech.com\/?page_id=7995#primaryimage"},"thumbnailUrl":"https:\/\/www.icqtech.com\/wp-content\/uploads\/2025\/07\/primcco-uav-logo.png","datePublished":"2025-07-22T05:11:42+00:00","dateModified":"2025-07-22T05:34:53+00:00","description":"Experiencia nacional e internacional, en integraci\u00f3n tecnol\u00f3gica (comunicaciones, infraestructura, software, seguridad y respaldo) para soluciones empresariales de la regi\u00f3n.","breadcrumb":{"@id":"https:\/\/www.icqtech.com\/?page_id=7995#breadcrumb"},"inLanguage":"es","potentialAction":[{"@type":"ReadAction","target":["https:\/\/www.icqtech.com\/?page_id=7995"]}]},{"@type":"ImageObject","inLanguage":"es","@id":"https:\/\/www.icqtech.com\/?page_id=7995#primaryimage","url":"https:\/\/www.icqtech.com\/wp-content\/uploads\/2025\/07\/primcco-uav-logo.png","contentUrl":"https:\/\/www.icqtech.com\/wp-content\/uploads\/2025\/07\/primcco-uav-logo.png","width":606,"height":134},{"@type":"BreadcrumbList","@id":"https:\/\/www.icqtech.com\/?page_id=7995#breadcrumb","itemListElement":[{"@type":"ListItem","position":1,"name":"Home","item":"https:\/\/www.icqtech.com\/"},{"@type":"ListItem","position":2,"name":"Valores Tecnol\u00f3gicos","item":"https:\/\/www.icqtech.com\/?page_id=6882"},{"@type":"ListItem","position":3,"name":"PRIMCCO UAV &#8211; Drones"}]},{"@type":"WebSite","@id":"https:\/\/www.icqtech.com\/#website","url":"https:\/\/www.icqtech.com\/","name":"CQTECH Trading Corp.","description":"Infraestructura Tecnol\u00f3gica Especializada","publisher":{"@id":"https:\/\/www.icqtech.com\/#organization"},"alternateName":"Tecnolog\u00eda de Informaci\u00f3n y Telecomunicaci\u00f3n (TIC),","potentialAction":[{"@type":"SearchAction","target":{"@type":"EntryPoint","urlTemplate":"https:\/\/www.icqtech.com\/?s={search_term_string}"},"query-input":{"@type":"PropertyValueSpecification","valueRequired":true,"valueName":"search_term_string"}}],"inLanguage":"es"},{"@type":"Organization","@id":"https:\/\/www.icqtech.com\/#organization","name":"CQTECH Trading Corp.","url":"https:\/\/www.icqtech.com\/","logo":{"@type":"ImageObject","inLanguage":"es","@id":"https:\/\/www.icqtech.com\/#\/schema\/logo\/image\/","url":"https:\/\/www.icqtech.com\/wp-content\/uploads\/2021\/04\/cqtech-logo-bolsillo-vectorizado2018.png","contentUrl":"https:\/\/www.icqtech.com\/wp-content\/uploads\/2021\/04\/cqtech-logo-bolsillo-vectorizado2018.png","width":492,"height":280,"caption":"CQTECH Trading Corp."},"image":{"@id":"https:\/\/www.icqtech.com\/#\/schema\/logo\/image\/"},"sameAs":["https:\/\/pa.linkedin.com\/company\/cqtech-trading-corp."]}]}},"_links":{"self":[{"href":"https:\/\/www.icqtech.com\/index.php?rest_route=\/wp\/v2\/pages\/7995"}],"collection":[{"href":"https:\/\/www.icqtech.com\/index.php?rest_route=\/wp\/v2\/pages"}],"about":[{"href":"https:\/\/www.icqtech.com\/index.php?rest_route=\/wp\/v2\/types\/page"}],"author":[{"embeddable":true,"href":"https:\/\/www.icqtech.com\/index.php?rest_route=\/wp\/v2\/users\/7"}],"replies":[{"embeddable":true,"href":"https:\/\/www.icqtech.com\/index.php?rest_route=%2Fwp%2Fv2%2Fcomments&post=7995"}],"version-history":[{"count":5,"href":"https:\/\/www.icqtech.com\/index.php?rest_route=\/wp\/v2\/pages\/7995\/revisions"}],"predecessor-version":[{"id":8016,"href":"https:\/\/www.icqtech.com\/index.php?rest_route=\/wp\/v2\/pages\/7995\/revisions\/8016"}],"up":[{"embeddable":true,"href":"https:\/\/www.icqtech.com\/index.php?rest_route=\/wp\/v2\/pages\/6882"}],"wp:attachment":[{"href":"https:\/\/www.icqtech.com\/index.php?rest_route=%2Fwp%2Fv2%2Fmedia&parent=7995"}],"curies":[{"name":"wp","href":"https:\/\/api.w.org\/{rel}","templated":true}]}}