{"id":5,"date":"2019-12-20T07:20:24","date_gmt":"2019-12-20T07:20:24","guid":{"rendered":"http:\/\/wpdemo.archiwp.com\/engitech\/?page_id=5"},"modified":"2024-05-28T11:08:48","modified_gmt":"2024-05-28T16:08:48","slug":"blog","status":"publish","type":"page","link":"https:\/\/www.icqtech.com\/?page_id=5","title":{"rendered":"Blog"},"content":{"rendered":"","protected":false},"excerpt":{"rendered":"","protected":false},"author":7,"featured_media":0,"parent":0,"menu_order":0,"comment_status":"closed","ping_status":"closed","template":"","meta":{"om_disable_all_campaigns":false,"_joinchat":[],"footnotes":""},"class_list":["post-5","page","type-page","status-publish","hentry"],"yoast_head":"<!-- This site is optimized with the Yoast SEO plugin v25.5 - https:\/\/yoast.com\/wordpress\/plugins\/seo\/ -->\n<title>Avances y Tendencias en el Mundo Digital | Blog de Tecnolog\u00eda<\/title>\n<meta name=\"description\" content=\"Descubre los \u00faltimos avances en nuestro blog de tecnolog\u00eda. Desde inteligencia artificial hasta seguridad, servidores, y telecomunicaciones.\" \/>\n<meta name=\"robots\" content=\"index, follow, max-snippet:-1, max-image-preview:large, max-video-preview:-1\" \/>\n<link rel=\"canonical\" href=\"https:\/\/www.icqtech.com\/?page_id=5\" \/>\n<meta property=\"og:locale\" content=\"es_ES\" \/>\n<meta property=\"og:type\" content=\"article\" \/>\n<meta property=\"og:title\" content=\"Avances y Tendencias en el Mundo Digital | Blog de Tecnolog\u00eda\" \/>\n<meta property=\"og:description\" content=\"Descubre los \u00faltimos avances en nuestro blog de tecnolog\u00eda. Desde inteligencia artificial hasta seguridad, servidores, y telecomunicaciones.\" \/>\n<meta property=\"og:url\" content=\"https:\/\/www.icqtech.com\/?page_id=5\" \/>\n<meta property=\"og:site_name\" content=\"ICQTECH Trading Corp.\" \/>\n<meta property=\"article:modified_time\" content=\"2024-05-28T16:08:48+00:00\" \/>\n<meta property=\"og:image\" content=\"https:\/\/www.icqtech.com\/wp-content\/uploads\/2024\/05\/website-screenshot.png\" \/>\n\t<meta property=\"og:image:width\" content=\"1884\" \/>\n\t<meta property=\"og:image:height\" content=\"867\" \/>\n\t<meta property=\"og:image:type\" content=\"image\/png\" \/>\n<meta name=\"twitter:card\" content=\"summary_large_image\" \/>\n<script type=\"application\/ld+json\" class=\"yoast-schema-graph\">{\"@context\":\"https:\/\/schema.org\",\"@graph\":[{\"@type\":[\"Article\",\"BlogPosting\"],\"@id\":\"https:\/\/www.icqtech.com\/?page_id=5#article\",\"isPartOf\":{\"@id\":\"https:\/\/www.icqtech.com\/?page_id=5\"},\"author\":{\"name\":\"Soporte Tecnico\",\"@id\":\"https:\/\/www.icqtech.com\/#\/schema\/person\/ae8be3bdb20266dbcb9353586eef3d65\"},\"headline\":\"Blog\",\"datePublished\":\"2019-12-20T07:20:24+00:00\",\"dateModified\":\"2024-05-28T16:08:48+00:00\",\"mainEntityOfPage\":{\"@id\":\"https:\/\/www.icqtech.com\/?page_id=5\"},\"wordCount\":1,\"publisher\":{\"@id\":\"https:\/\/www.icqtech.com\/#organization\"},\"inLanguage\":\"es\"},{\"@type\":[\"WebPage\",\"CollectionPage\"],\"@id\":\"https:\/\/www.icqtech.com\/?page_id=5\",\"url\":\"https:\/\/www.icqtech.com\/?page_id=5\",\"name\":\"Avances y Tendencias en el Mundo Digital | Blog de Tecnolog\u00eda\",\"isPartOf\":{\"@id\":\"https:\/\/www.icqtech.com\/#website\"},\"datePublished\":\"2019-12-20T07:20:24+00:00\",\"dateModified\":\"2024-05-28T16:08:48+00:00\",\"description\":\"Descubre los \u00faltimos avances en nuestro blog de tecnolog\u00eda. Desde inteligencia artificial hasta seguridad, servidores, y telecomunicaciones.\",\"breadcrumb\":{\"@id\":\"https:\/\/www.icqtech.com\/?page_id=5#breadcrumb\"},\"inLanguage\":\"es\"},{\"@type\":\"BreadcrumbList\",\"@id\":\"https:\/\/www.icqtech.com\/?page_id=5#breadcrumb\",\"itemListElement\":[{\"@type\":\"ListItem\",\"position\":1,\"name\":\"Home\",\"item\":\"https:\/\/www.icqtech.com\/\"},{\"@type\":\"ListItem\",\"position\":2,\"name\":\"Blog\"}]},{\"@type\":\"WebSite\",\"@id\":\"https:\/\/www.icqtech.com\/#website\",\"url\":\"https:\/\/www.icqtech.com\/\",\"name\":\"CQTECH Trading Corp.\",\"description\":\"Infraestructura Tecnol\u00f3gica Especializada\",\"publisher\":{\"@id\":\"https:\/\/www.icqtech.com\/#organization\"},\"alternateName\":\"Tecnolog\u00eda de Informaci\u00f3n y Telecomunicaci\u00f3n (TIC),\",\"potentialAction\":[{\"@type\":\"SearchAction\",\"target\":{\"@type\":\"EntryPoint\",\"urlTemplate\":\"https:\/\/www.icqtech.com\/?s={search_term_string}\"},\"query-input\":{\"@type\":\"PropertyValueSpecification\",\"valueRequired\":true,\"valueName\":\"search_term_string\"}}],\"inLanguage\":\"es\"},{\"@type\":\"Organization\",\"@id\":\"https:\/\/www.icqtech.com\/#organization\",\"name\":\"CQTECH Trading Corp.\",\"url\":\"https:\/\/www.icqtech.com\/\",\"logo\":{\"@type\":\"ImageObject\",\"inLanguage\":\"es\",\"@id\":\"https:\/\/www.icqtech.com\/#\/schema\/logo\/image\/\",\"url\":\"https:\/\/www.icqtech.com\/wp-content\/uploads\/2021\/04\/cqtech-logo-bolsillo-vectorizado2018.png\",\"contentUrl\":\"https:\/\/www.icqtech.com\/wp-content\/uploads\/2021\/04\/cqtech-logo-bolsillo-vectorizado2018.png\",\"width\":492,\"height\":280,\"caption\":\"CQTECH Trading Corp.\"},\"image\":{\"@id\":\"https:\/\/www.icqtech.com\/#\/schema\/logo\/image\/\"},\"sameAs\":[\"https:\/\/pa.linkedin.com\/company\/cqtech-trading-corp.\"]},{\"@type\":\"Person\",\"@id\":\"https:\/\/www.icqtech.com\/#\/schema\/person\/ae8be3bdb20266dbcb9353586eef3d65\",\"name\":\"Soporte Tecnico\",\"image\":{\"@type\":\"ImageObject\",\"inLanguage\":\"es\",\"@id\":\"https:\/\/www.icqtech.com\/#\/schema\/person\/image\/\",\"url\":\"https:\/\/secure.gravatar.com\/avatar\/13191a4d7923f2128a2952d8f3ea0852?s=96&d=mm&r=g\",\"contentUrl\":\"https:\/\/secure.gravatar.com\/avatar\/13191a4d7923f2128a2952d8f3ea0852?s=96&d=mm&r=g\",\"caption\":\"Soporte Tecnico\"},\"sameAs\":[\"http:\/\/www.icqtech.com\"],\"url\":\"https:\/\/www.icqtech.com\/?author=7\"}]}<\/script>\n<!-- \/ Yoast SEO plugin. -->","yoast_head_json":{"title":"Avances y Tendencias en el Mundo Digital | Blog de Tecnolog\u00eda","description":"Descubre los \u00faltimos avances en nuestro blog de tecnolog\u00eda. Desde inteligencia artificial hasta seguridad, servidores, y telecomunicaciones.","robots":{"index":"index","follow":"follow","max-snippet":"max-snippet:-1","max-image-preview":"max-image-preview:large","max-video-preview":"max-video-preview:-1"},"canonical":"https:\/\/www.icqtech.com\/?page_id=5","og_locale":"es_ES","og_type":"article","og_title":"Avances y Tendencias en el Mundo Digital | Blog de Tecnolog\u00eda","og_description":"Descubre los \u00faltimos avances en nuestro blog de tecnolog\u00eda. Desde inteligencia artificial hasta seguridad, servidores, y telecomunicaciones.","og_url":"https:\/\/www.icqtech.com\/?page_id=5","og_site_name":"ICQTECH Trading Corp.","article_modified_time":"2024-05-28T16:08:48+00:00","og_image":[{"width":1884,"height":867,"url":"https:\/\/www.icqtech.com\/wp-content\/uploads\/2024\/05\/website-screenshot.png","type":"image\/png"}],"twitter_card":"summary_large_image","schema":{"@context":"https:\/\/schema.org","@graph":[{"@type":["Article","BlogPosting"],"@id":"https:\/\/www.icqtech.com\/?page_id=5#article","isPartOf":{"@id":"https:\/\/www.icqtech.com\/?page_id=5"},"author":{"name":"Soporte Tecnico","@id":"https:\/\/www.icqtech.com\/#\/schema\/person\/ae8be3bdb20266dbcb9353586eef3d65"},"headline":"Blog","datePublished":"2019-12-20T07:20:24+00:00","dateModified":"2024-05-28T16:08:48+00:00","mainEntityOfPage":{"@id":"https:\/\/www.icqtech.com\/?page_id=5"},"wordCount":1,"publisher":{"@id":"https:\/\/www.icqtech.com\/#organization"},"inLanguage":"es"},{"@type":["WebPage","CollectionPage"],"@id":"https:\/\/www.icqtech.com\/?page_id=5","url":"https:\/\/www.icqtech.com\/?page_id=5","name":"Avances y Tendencias en el Mundo Digital | Blog de Tecnolog\u00eda","isPartOf":{"@id":"https:\/\/www.icqtech.com\/#website"},"datePublished":"2019-12-20T07:20:24+00:00","dateModified":"2024-05-28T16:08:48+00:00","description":"Descubre los \u00faltimos avances en nuestro blog de tecnolog\u00eda. Desde inteligencia artificial hasta seguridad, servidores, y telecomunicaciones.","breadcrumb":{"@id":"https:\/\/www.icqtech.com\/?page_id=5#breadcrumb"},"inLanguage":"es"},{"@type":"BreadcrumbList","@id":"https:\/\/www.icqtech.com\/?page_id=5#breadcrumb","itemListElement":[{"@type":"ListItem","position":1,"name":"Home","item":"https:\/\/www.icqtech.com\/"},{"@type":"ListItem","position":2,"name":"Blog"}]},{"@type":"WebSite","@id":"https:\/\/www.icqtech.com\/#website","url":"https:\/\/www.icqtech.com\/","name":"CQTECH Trading Corp.","description":"Infraestructura Tecnol\u00f3gica Especializada","publisher":{"@id":"https:\/\/www.icqtech.com\/#organization"},"alternateName":"Tecnolog\u00eda de Informaci\u00f3n y Telecomunicaci\u00f3n (TIC),","potentialAction":[{"@type":"SearchAction","target":{"@type":"EntryPoint","urlTemplate":"https:\/\/www.icqtech.com\/?s={search_term_string}"},"query-input":{"@type":"PropertyValueSpecification","valueRequired":true,"valueName":"search_term_string"}}],"inLanguage":"es"},{"@type":"Organization","@id":"https:\/\/www.icqtech.com\/#organization","name":"CQTECH Trading Corp.","url":"https:\/\/www.icqtech.com\/","logo":{"@type":"ImageObject","inLanguage":"es","@id":"https:\/\/www.icqtech.com\/#\/schema\/logo\/image\/","url":"https:\/\/www.icqtech.com\/wp-content\/uploads\/2021\/04\/cqtech-logo-bolsillo-vectorizado2018.png","contentUrl":"https:\/\/www.icqtech.com\/wp-content\/uploads\/2021\/04\/cqtech-logo-bolsillo-vectorizado2018.png","width":492,"height":280,"caption":"CQTECH Trading Corp."},"image":{"@id":"https:\/\/www.icqtech.com\/#\/schema\/logo\/image\/"},"sameAs":["https:\/\/pa.linkedin.com\/company\/cqtech-trading-corp."]},{"@type":"Person","@id":"https:\/\/www.icqtech.com\/#\/schema\/person\/ae8be3bdb20266dbcb9353586eef3d65","name":"Soporte Tecnico","image":{"@type":"ImageObject","inLanguage":"es","@id":"https:\/\/www.icqtech.com\/#\/schema\/person\/image\/","url":"https:\/\/secure.gravatar.com\/avatar\/13191a4d7923f2128a2952d8f3ea0852?s=96&d=mm&r=g","contentUrl":"https:\/\/secure.gravatar.com\/avatar\/13191a4d7923f2128a2952d8f3ea0852?s=96&d=mm&r=g","caption":"Soporte Tecnico"},"sameAs":["http:\/\/www.icqtech.com"],"url":"https:\/\/www.icqtech.com\/?author=7"}]}},"_links":{"self":[{"href":"https:\/\/www.icqtech.com\/index.php?rest_route=\/wp\/v2\/pages\/5"}],"collection":[{"href":"https:\/\/www.icqtech.com\/index.php?rest_route=\/wp\/v2\/pages"}],"about":[{"href":"https:\/\/www.icqtech.com\/index.php?rest_route=\/wp\/v2\/types\/page"}],"author":[{"embeddable":true,"href":"https:\/\/www.icqtech.com\/index.php?rest_route=\/wp\/v2\/users\/7"}],"replies":[{"embeddable":true,"href":"https:\/\/www.icqtech.com\/index.php?rest_route=%2Fwp%2Fv2%2Fcomments&post=5"}],"version-history":[{"count":1,"href":"https:\/\/www.icqtech.com\/index.php?rest_route=\/wp\/v2\/pages\/5\/revisions"}],"predecessor-version":[{"id":5012,"href":"https:\/\/www.icqtech.com\/index.php?rest_route=\/wp\/v2\/pages\/5\/revisions\/5012"}],"wp:attachment":[{"href":"https:\/\/www.icqtech.com\/index.php?rest_route=%2Fwp%2Fv2%2Fmedia&parent=5"}],"curies":[{"name":"wp","href":"https:\/\/api.w.org\/{rel}","templated":true}]}}