{"id":1370,"date":"2020-01-02T09:28:08","date_gmt":"2020-01-02T09:28:08","guid":{"rendered":"http:\/\/wpdemo.archiwp.com\/engitech\/?page_id=1370"},"modified":"2024-03-11T14:21:51","modified_gmt":"2024-03-11T19:21:51","slug":"contactenos","status":"publish","type":"page","link":"https:\/\/www.icqtech.com\/?page_id=1370","title":{"rendered":"Cont\u00e1ctenos"},"content":{"rendered":"\t\t<div data-elementor-type=\"wp-page\" data-elementor-id=\"1370\" class=\"elementor elementor-1370\">\n\t\t\t\t\t\t<section class=\"elementor-section elementor-top-section elementor-element elementor-element-8c1b6b2 elementor-section-content-middle ot-traditional elementor-section-boxed elementor-section-height-default elementor-section-height-default\" data-id=\"8c1b6b2\" data-element_type=\"section\">\n\t\t\t\t\t\t<div class=\"elementor-container elementor-column-gap-extended\">\n\t\t\t\t\t<div class=\"elementor-column elementor-col-50 elementor-top-column elementor-element elementor-element-8416bc3 ot-flex-column-vertical\" data-id=\"8416bc3\" data-element_type=\"column\">\n\t\t\t<div class=\"elementor-widget-wrap elementor-element-populated\">\n\t\t\t\t\t\t<div class=\"elementor-element elementor-element-d735292 elementor-widget elementor-widget-iheading\" data-id=\"d735292\" data-element_type=\"widget\" data-widget_type=\"iheading.default\">\n\t\t\t\t<div class=\"elementor-widget-container\">\n\t\t\t\t\t\t\t<div class=\"ot-heading\">\r\n\t        \t            <span>\/\/ Detalles de Contacto<\/span>\r\n\t        <h2 class=\"main-heading\">Cont\u00e1ctenos<\/h2>\t    <\/div>\r\n\t    \t\t\t\t<\/div>\n\t\t\t\t<\/div>\n\t\t\t\t<div class=\"elementor-element elementor-element-d1b9e95 elementor-widget elementor-widget-text-editor\" data-id=\"d1b9e95\" data-element_type=\"widget\" data-widget_type=\"text-editor.default\">\n\t\t\t\t<div class=\"elementor-widget-container\">\n\t\t\t\t\t\t\t\t\t<p>Ll\u00e1menos o vis\u00edtenos en cualquier momento, nos esforzamos por responder todas las consultas dentro de las 24 horas en d\u00edas h\u00e1biles. Estaremos encantados de responder a sus preguntas.<\/p>\t\t\t\t\t\t\t\t<\/div>\n\t\t\t\t<\/div>\n\t\t\t\t<div class=\"elementor-element elementor-element-b59a336 elementor-widget elementor-widget-icontact_info\" data-id=\"b59a336\" data-element_type=\"widget\" data-widget_type=\"icontact_info.default\">\n\t\t\t\t<div class=\"elementor-widget-container\">\n\t\t\t\t\t\t\t\t\t\t    \t<div class=\"contact-info box-style1\">\r\n\t\t\t\t\t\t\t\t    \t\t        <i class=\"flaticon-world-globe\"><\/i>\t\t\t        <div class=\"info-text\">\r\n\t\t\t        \t<h6>Direcci\u00f3n<\/h6>\r\n\t\t\t        \t<p>V\u00eda Espa\u00f1a 120, Edificio BETA Piso 2, Oficina 206<\/p>\r\n\t\t\t        <\/div>\r\n\t\t\t    <\/div>\r\n\t\t    \t    \t\t\t\t<\/div>\n\t\t\t\t<\/div>\n\t\t\t\t<div class=\"elementor-element elementor-element-4c90f57 elementor-widget elementor-widget-icontact_info\" data-id=\"4c90f57\" data-element_type=\"widget\" data-widget_type=\"icontact_info.default\">\n\t\t\t\t<div class=\"elementor-widget-container\">\n\t\t\t\t\t\t\t\t\t\t    \t<div class=\"contact-info box-style1\">\r\n\t\t\t\t\t\t\t\t    \t\t        <i class=\"flaticon-envelope\"><\/i>\t\t\t        <div class=\"info-text\">\r\n\t\t\t        \t<h6>Correo<\/h6>\r\n\t\t\t        \t<p>info@icqtech.com<\/p>\r\n\t\t\t        <\/div>\r\n\t\t\t    <\/div>\r\n\t\t    \t    \t\t\t\t<\/div>\n\t\t\t\t<\/div>\n\t\t\t\t<div class=\"elementor-element elementor-element-a59e635 elementor-widget elementor-widget-icontact_info\" data-id=\"a59e635\" data-element_type=\"widget\" data-widget_type=\"icontact_info.default\">\n\t\t\t\t<div class=\"elementor-widget-container\">\n\t\t\t\t\t\t\t\t\t\t    \t<div class=\"contact-info box-style1\">\r\n\t\t\t\t\t\t\t\t    \t\t        <i class=\"flaticon-phone-1\"><\/i>\t\t\t        <div class=\"info-text\">\r\n\t\t\t        \t<h6>Tel\u00e9fono<\/h6>\r\n\t\t\t        \t<p>+(507) 306-2788<\/p>\r\n\t\t\t        <\/div>\r\n\t\t\t    <\/div>\r\n\t\t    \t    \t\t\t\t<\/div>\n\t\t\t\t<\/div>\n\t\t\t\t\t<\/div>\n\t\t<\/div>\n\t\t\t\t<div class=\"elementor-column elementor-col-50 elementor-top-column elementor-element elementor-element-add1e18 ot-flex-column-vertical\" data-id=\"add1e18\" data-element_type=\"column\">\n\t\t\t<div class=\"elementor-widget-wrap elementor-element-populated\">\n\t\t\t\t\t\t<div class=\"elementor-element elementor-element-5c60825 elementor-widget elementor-widget-shortcode\" data-id=\"5c60825\" data-element_type=\"widget\" data-widget_type=\"shortcode.default\">\n\t\t\t\t<div class=\"elementor-widget-container\">\n\t\t\t\t\t\t\t<div class=\"elementor-shortcode\">\n<div class=\"wpcf7 no-js\" id=\"wpcf7-f1379-o1\" lang=\"en-US\" dir=\"ltr\" data-wpcf7-id=\"1379\">\n<div class=\"screen-reader-response\"><p role=\"status\" aria-live=\"polite\" aria-atomic=\"true\"><\/p> <ul><\/ul><\/div>\n<form action=\"\/index.php?rest_route=%2Fwp%2Fv2%2Fpages%2F1370#wpcf7-f1379-o1\" method=\"post\" class=\"wpcf7-form init\" aria-label=\"Contact form\" novalidate=\"novalidate\" data-status=\"init\">\n<div style=\"display: none;\">\n<input type=\"hidden\" name=\"_wpcf7\" value=\"1379\" \/>\n<input type=\"hidden\" name=\"_wpcf7_version\" value=\"6.0.6\" \/>\n<input type=\"hidden\" name=\"_wpcf7_locale\" value=\"en_US\" \/>\n<input type=\"hidden\" name=\"_wpcf7_unit_tag\" value=\"wpcf7-f1379-o1\" \/>\n<input type=\"hidden\" name=\"_wpcf7_container_post\" value=\"0\" \/>\n<input type=\"hidden\" name=\"_wpcf7_posted_data_hash\" value=\"\" \/>\n<\/div>\n<div class=\"main-form\">\n\t<h2>\u00bfListos para conversar?\n\t<\/h2>\n\t<p class=\"font14\">Su direcci\u00f3n de correo electr\u00f3nico no ser\u00e1 publicada. Los campos obligatorios est\u00e1n marcados con *\n\t<\/p>\n\t<p><span class=\"wpcf7-form-control-wrap\" data-name=\"your-name\"><input size=\"40\" maxlength=\"400\" class=\"wpcf7-form-control wpcf7-text wpcf7-validates-as-required\" aria-required=\"true\" aria-invalid=\"false\" placeholder=\"Nombre Completo *\" value=\"\" type=\"text\" name=\"your-name\" \/><\/span>\n\t<\/p>\n\t<p><span class=\"wpcf7-form-control-wrap\" data-name=\"your-email\"><input size=\"40\" maxlength=\"400\" class=\"wpcf7-form-control wpcf7-email wpcf7-validates-as-required wpcf7-text wpcf7-validates-as-email\" aria-required=\"true\" aria-invalid=\"false\" placeholder=\"Email *\" value=\"\" type=\"email\" name=\"your-email\" \/><\/span>\n\t<\/p>\n\t<p><span class=\"wpcf7-form-control-wrap\" data-name=\"your-message\"><textarea cols=\"40\" rows=\"10\" maxlength=\"2000\" class=\"wpcf7-form-control wpcf7-textarea\" aria-invalid=\"false\" placeholder=\"Mensaje...\" name=\"your-message\"><\/textarea><\/span>\n\t<\/p>\n\t<p><button type=\"submit\" class=\"octf-btn octf-btn-light\">Enviar mensaje<\/button>\n\t<\/p>\n<\/div><p style=\"display: none !important;\" class=\"akismet-fields-container\" data-prefix=\"_wpcf7_ak_\"><label>&#916;<textarea name=\"_wpcf7_ak_hp_textarea\" cols=\"45\" rows=\"8\" maxlength=\"100\"><\/textarea><\/label><input type=\"hidden\" id=\"ak_js_1\" name=\"_wpcf7_ak_js\" value=\"137\"\/><script>document.getElementById( \"ak_js_1\" ).setAttribute( \"value\", ( new Date() ).getTime() );<\/script><\/p><div class=\"wpcf7-response-output\" aria-hidden=\"true\"><\/div>\n<\/form>\n<\/div>\n<\/div>\n\t\t\t\t\t\t<\/div>\n\t\t\t\t<\/div>\n\t\t\t\t\t<\/div>\n\t\t<\/div>\n\t\t\t\t\t<\/div>\n\t\t<\/section>\n\t\t\t\t<section class=\"elementor-section elementor-top-section elementor-element elementor-element-aba0bc8 elementor-section-full_width ot-traditional elementor-section-height-default elementor-section-height-default\" data-id=\"aba0bc8\" data-element_type=\"section\">\n\t\t\t\t\t\t<div class=\"elementor-container elementor-column-gap-default\">\n\t\t\t\t\t<div class=\"elementor-column elementor-col-100 elementor-top-column elementor-element elementor-element-aa84c84 ot-flex-column-vertical\" data-id=\"aa84c84\" data-element_type=\"column\">\n\t\t\t<div class=\"elementor-widget-wrap elementor-element-populated\">\n\t\t\t\t\t\t<div class=\"elementor-element elementor-element-1952363 elementor-widget elementor-widget-google_maps\" data-id=\"1952363\" data-element_type=\"widget\" data-widget_type=\"google_maps.default\">\n\t\t\t\t<div class=\"elementor-widget-container\">\n\t\t\t\t\t\t\t<div class=\"elementor-custom-embed\">\n\t\t\t<iframe loading=\"lazy\"\n\t\t\t\t\tsrc=\"https:\/\/maps.google.com\/maps?q=CQ%20Tech%2C%20Panama%2C%20Via%20Espa%C3%B1a&#038;t=m&#038;z=18&#038;output=embed&#038;iwloc=near\"\n\t\t\t\t\ttitle=\"CQ Tech, Panama, Via Espa\u00f1a\"\n\t\t\t\t\taria-label=\"CQ Tech, Panama, Via Espa\u00f1a\"\n\t\t\t><\/iframe>\n\t\t<\/div>\n\t\t\t\t\t\t<\/div>\n\t\t\t\t<\/div>\n\t\t\t\t\t<\/div>\n\t\t<\/div>\n\t\t\t\t\t<\/div>\n\t\t<\/section>\n\t\t\t\t<\/div>\n\t\t","protected":false},"excerpt":{"rendered":"<p>\/\/ Detalles de Contacto Cont\u00e1ctenos Ll\u00e1menos o vis\u00edtenos en cualquier momento, nos esforzamos por responder todas las consultas dentro de las 24 horas en d\u00edas h\u00e1biles. Estaremos encantados de responder a sus preguntas. Direcci\u00f3n V\u00eda Espa\u00f1a 120, Edificio BETA Piso 2, Oficina 206 Correo info@icqtech.com Tel\u00e9fono +(507) 306-2788<\/p>\n","protected":false},"author":7,"featured_media":0,"parent":0,"menu_order":0,"comment_status":"closed","ping_status":"closed","template":"","meta":{"om_disable_all_campaigns":false,"_joinchat":[],"footnotes":""},"class_list":["post-1370","page","type-page","status-publish","hentry"],"yoast_head":"<!-- This site is optimized with the Yoast SEO plugin v25.5 - https:\/\/yoast.com\/wordpress\/plugins\/seo\/ -->\n<title>Cont\u00e1ctenos | ICQTECH Trading Corp.<\/title>\n<meta name=\"robots\" content=\"index, follow, max-snippet:-1, max-image-preview:large, max-video-preview:-1\" \/>\n<link rel=\"canonical\" href=\"https:\/\/www.icqtech.com\/?page_id=1370\" \/>\n<meta property=\"og:locale\" content=\"es_ES\" \/>\n<meta property=\"og:type\" content=\"article\" \/>\n<meta property=\"og:title\" content=\"Cont\u00e1ctenos | ICQTECH Trading Corp.\" \/>\n<meta property=\"og:description\" content=\"\/\/ Detalles de Contacto Cont\u00e1ctenos Ll\u00e1menos o vis\u00edtenos en cualquier momento, nos esforzamos por responder todas las consultas dentro de las 24 horas en d\u00edas h\u00e1biles. Estaremos encantados de responder a sus preguntas. Direcci\u00f3n V\u00eda Espa\u00f1a 120, Edificio BETA Piso 2, Oficina 206 Correo info@icqtech.com Tel\u00e9fono +(507) 306-2788\" \/>\n<meta property=\"og:url\" content=\"https:\/\/www.icqtech.com\/?page_id=1370\" \/>\n<meta property=\"og:site_name\" content=\"ICQTECH Trading Corp.\" \/>\n<meta property=\"article:modified_time\" content=\"2024-03-11T19:21:51+00:00\" \/>\n<meta property=\"og:image\" content=\"https:\/\/www.icqtech.com\/wp-content\/uploads\/2024\/05\/website-screenshot.png\" \/>\n\t<meta property=\"og:image:width\" content=\"1884\" \/>\n\t<meta property=\"og:image:height\" content=\"867\" \/>\n\t<meta property=\"og:image:type\" content=\"image\/png\" \/>\n<meta name=\"twitter:card\" content=\"summary_large_image\" \/>\n<script type=\"application\/ld+json\" class=\"yoast-schema-graph\">{\"@context\":\"https:\/\/schema.org\",\"@graph\":[{\"@type\":\"WebPage\",\"@id\":\"https:\/\/www.icqtech.com\/?page_id=1370\",\"url\":\"https:\/\/www.icqtech.com\/?page_id=1370\",\"name\":\"Cont\u00e1ctenos | ICQTECH Trading Corp.\",\"isPartOf\":{\"@id\":\"https:\/\/www.icqtech.com\/#website\"},\"datePublished\":\"2020-01-02T09:28:08+00:00\",\"dateModified\":\"2024-03-11T19:21:51+00:00\",\"breadcrumb\":{\"@id\":\"https:\/\/www.icqtech.com\/?page_id=1370#breadcrumb\"},\"inLanguage\":\"es\",\"potentialAction\":[{\"@type\":\"ReadAction\",\"target\":[\"https:\/\/www.icqtech.com\/?page_id=1370\"]}]},{\"@type\":\"BreadcrumbList\",\"@id\":\"https:\/\/www.icqtech.com\/?page_id=1370#breadcrumb\",\"itemListElement\":[{\"@type\":\"ListItem\",\"position\":1,\"name\":\"Home\",\"item\":\"https:\/\/www.icqtech.com\/\"},{\"@type\":\"ListItem\",\"position\":2,\"name\":\"Cont\u00e1ctenos\"}]},{\"@type\":\"WebSite\",\"@id\":\"https:\/\/www.icqtech.com\/#website\",\"url\":\"https:\/\/www.icqtech.com\/\",\"name\":\"CQTECH Trading Corp.\",\"description\":\"Infraestructura Tecnol\u00f3gica Especializada\",\"publisher\":{\"@id\":\"https:\/\/www.icqtech.com\/#organization\"},\"alternateName\":\"Tecnolog\u00eda de Informaci\u00f3n y Telecomunicaci\u00f3n (TIC),\",\"potentialAction\":[{\"@type\":\"SearchAction\",\"target\":{\"@type\":\"EntryPoint\",\"urlTemplate\":\"https:\/\/www.icqtech.com\/?s={search_term_string}\"},\"query-input\":{\"@type\":\"PropertyValueSpecification\",\"valueRequired\":true,\"valueName\":\"search_term_string\"}}],\"inLanguage\":\"es\"},{\"@type\":\"Organization\",\"@id\":\"https:\/\/www.icqtech.com\/#organization\",\"name\":\"CQTECH Trading Corp.\",\"url\":\"https:\/\/www.icqtech.com\/\",\"logo\":{\"@type\":\"ImageObject\",\"inLanguage\":\"es\",\"@id\":\"https:\/\/www.icqtech.com\/#\/schema\/logo\/image\/\",\"url\":\"https:\/\/www.icqtech.com\/wp-content\/uploads\/2021\/04\/cqtech-logo-bolsillo-vectorizado2018.png\",\"contentUrl\":\"https:\/\/www.icqtech.com\/wp-content\/uploads\/2021\/04\/cqtech-logo-bolsillo-vectorizado2018.png\",\"width\":492,\"height\":280,\"caption\":\"CQTECH Trading Corp.\"},\"image\":{\"@id\":\"https:\/\/www.icqtech.com\/#\/schema\/logo\/image\/\"},\"sameAs\":[\"https:\/\/pa.linkedin.com\/company\/cqtech-trading-corp.\"]}]}<\/script>\n<!-- \/ Yoast SEO plugin. -->","yoast_head_json":{"title":"Cont\u00e1ctenos | ICQTECH Trading Corp.","robots":{"index":"index","follow":"follow","max-snippet":"max-snippet:-1","max-image-preview":"max-image-preview:large","max-video-preview":"max-video-preview:-1"},"canonical":"https:\/\/www.icqtech.com\/?page_id=1370","og_locale":"es_ES","og_type":"article","og_title":"Cont\u00e1ctenos | ICQTECH Trading Corp.","og_description":"\/\/ Detalles de Contacto Cont\u00e1ctenos Ll\u00e1menos o vis\u00edtenos en cualquier momento, nos esforzamos por responder todas las consultas dentro de las 24 horas en d\u00edas h\u00e1biles. Estaremos encantados de responder a sus preguntas. Direcci\u00f3n V\u00eda Espa\u00f1a 120, Edificio BETA Piso 2, Oficina 206 Correo info@icqtech.com Tel\u00e9fono +(507) 306-2788","og_url":"https:\/\/www.icqtech.com\/?page_id=1370","og_site_name":"ICQTECH Trading Corp.","article_modified_time":"2024-03-11T19:21:51+00:00","og_image":[{"width":1884,"height":867,"url":"https:\/\/www.icqtech.com\/wp-content\/uploads\/2024\/05\/website-screenshot.png","type":"image\/png"}],"twitter_card":"summary_large_image","schema":{"@context":"https:\/\/schema.org","@graph":[{"@type":"WebPage","@id":"https:\/\/www.icqtech.com\/?page_id=1370","url":"https:\/\/www.icqtech.com\/?page_id=1370","name":"Cont\u00e1ctenos | ICQTECH Trading Corp.","isPartOf":{"@id":"https:\/\/www.icqtech.com\/#website"},"datePublished":"2020-01-02T09:28:08+00:00","dateModified":"2024-03-11T19:21:51+00:00","breadcrumb":{"@id":"https:\/\/www.icqtech.com\/?page_id=1370#breadcrumb"},"inLanguage":"es","potentialAction":[{"@type":"ReadAction","target":["https:\/\/www.icqtech.com\/?page_id=1370"]}]},{"@type":"BreadcrumbList","@id":"https:\/\/www.icqtech.com\/?page_id=1370#breadcrumb","itemListElement":[{"@type":"ListItem","position":1,"name":"Home","item":"https:\/\/www.icqtech.com\/"},{"@type":"ListItem","position":2,"name":"Cont\u00e1ctenos"}]},{"@type":"WebSite","@id":"https:\/\/www.icqtech.com\/#website","url":"https:\/\/www.icqtech.com\/","name":"CQTECH Trading Corp.","description":"Infraestructura Tecnol\u00f3gica Especializada","publisher":{"@id":"https:\/\/www.icqtech.com\/#organization"},"alternateName":"Tecnolog\u00eda de Informaci\u00f3n y Telecomunicaci\u00f3n (TIC),","potentialAction":[{"@type":"SearchAction","target":{"@type":"EntryPoint","urlTemplate":"https:\/\/www.icqtech.com\/?s={search_term_string}"},"query-input":{"@type":"PropertyValueSpecification","valueRequired":true,"valueName":"search_term_string"}}],"inLanguage":"es"},{"@type":"Organization","@id":"https:\/\/www.icqtech.com\/#organization","name":"CQTECH Trading Corp.","url":"https:\/\/www.icqtech.com\/","logo":{"@type":"ImageObject","inLanguage":"es","@id":"https:\/\/www.icqtech.com\/#\/schema\/logo\/image\/","url":"https:\/\/www.icqtech.com\/wp-content\/uploads\/2021\/04\/cqtech-logo-bolsillo-vectorizado2018.png","contentUrl":"https:\/\/www.icqtech.com\/wp-content\/uploads\/2021\/04\/cqtech-logo-bolsillo-vectorizado2018.png","width":492,"height":280,"caption":"CQTECH Trading Corp."},"image":{"@id":"https:\/\/www.icqtech.com\/#\/schema\/logo\/image\/"},"sameAs":["https:\/\/pa.linkedin.com\/company\/cqtech-trading-corp."]}]}},"_links":{"self":[{"href":"https:\/\/www.icqtech.com\/index.php?rest_route=\/wp\/v2\/pages\/1370"}],"collection":[{"href":"https:\/\/www.icqtech.com\/index.php?rest_route=\/wp\/v2\/pages"}],"about":[{"href":"https:\/\/www.icqtech.com\/index.php?rest_route=\/wp\/v2\/types\/page"}],"author":[{"embeddable":true,"href":"https:\/\/www.icqtech.com\/index.php?rest_route=\/wp\/v2\/users\/7"}],"replies":[{"embeddable":true,"href":"https:\/\/www.icqtech.com\/index.php?rest_route=%2Fwp%2Fv2%2Fcomments&post=1370"}],"version-history":[{"count":14,"href":"https:\/\/www.icqtech.com\/index.php?rest_route=\/wp\/v2\/pages\/1370\/revisions"}],"predecessor-version":[{"id":5382,"href":"https:\/\/www.icqtech.com\/index.php?rest_route=\/wp\/v2\/pages\/1370\/revisions\/5382"}],"wp:attachment":[{"href":"https:\/\/www.icqtech.com\/index.php?rest_route=%2Fwp%2Fv2%2Fmedia&parent=1370"}],"curies":[{"name":"wp","href":"https:\/\/api.w.org\/{rel}","templated":true}]}}